{"id":38,"date":"2014-07-21T00:25:55","date_gmt":"2014-07-21T00:25:55","guid":{"rendered":"http:\/\/amadalamazigh.press.ma\/fr\/?page_id=38"},"modified":"2025-01-10T17:27:15","modified_gmt":"2025-01-10T16:27:15","slug":"comite-editorial","status":"publish","type":"page","link":"https:\/\/amadalamazigh.press.ma\/fr\/comite-editorial\/","title":{"rendered":"Comit\u00e9 \u00c9ditorial"},"content":{"rendered":"<p><img data-recalc-dims=\"1\" loading=\"lazy\" decoding=\"async\" class=\"aligncenter wp-image-3986 size-full\" src=\"https:\/\/i0.wp.com\/amadalamazigh.press.ma\/fr\/wp-content\/uploads\/2021\/10\/f.jpg?resize=618%2C169&#038;ssl=1\" alt=\"\" width=\"618\" height=\"169\" srcset=\"https:\/\/i0.wp.com\/amadalamazigh.press.ma\/fr\/wp-content\/uploads\/2021\/10\/f.jpg?w=699&amp;ssl=1 699w, https:\/\/i0.wp.com\/amadalamazigh.press.ma\/fr\/wp-content\/uploads\/2021\/10\/f.jpg?resize=450%2C123&amp;ssl=1 450w\" sizes=\"auto, (max-width: 618px) 100vw, 618px\" \/><\/p>\n<p>&nbsp;<\/p>\n<table border=\"0\" width=\"450\">\n<tbody>\n<tr>\n<td>\u00a0<img data-recalc-dims=\"1\" loading=\"lazy\" decoding=\"async\" class=\"alignnone wp-image-1369\" src=\"https:\/\/i0.wp.com\/amadalamazigh.press.ma\/fr\/wp-content\/uploads\/2017\/12\/amina.png?resize=180%2C180&#038;ssl=1\" alt=\"\" width=\"180\" height=\"180\" srcset=\"https:\/\/i0.wp.com\/amadalamazigh.press.ma\/fr\/wp-content\/uploads\/2017\/12\/amina.png?resize=250%2C250&amp;ssl=1 250w, https:\/\/i0.wp.com\/amadalamazigh.press.ma\/fr\/wp-content\/uploads\/2017\/12\/amina.png?w=680&amp;ssl=1 680w\" sizes=\"auto, (max-width: 180px) 100vw, 180px\" \/><\/td>\n<td>Amina IBNOU-CHEIKH<\/p>\n<p>Directrice et R\u00e9dactrice en chef<\/p>\n<p><strong>Email<\/strong>: ibnoucheikhamina@gmail.com<\/p>\n<p><strong>T\u00e9l<\/strong>: (+212) 0661767073<\/td>\n<\/tr>\n<tr>\n<td width=\"200\"><img data-recalc-dims=\"1\" loading=\"lazy\" decoding=\"async\" class=\"alignnone wp-image-1374\" src=\"https:\/\/i0.wp.com\/amadalamazigh.press.ma\/fr\/wp-content\/uploads\/2017\/12\/rachid.png?resize=180%2C180&#038;ssl=1\" alt=\"\" width=\"180\" height=\"180\" \/><\/td>\n<td width=\"200\">Rachid RAHA<\/p>\n<p>Editeur &amp; Journaliste<\/p>\n<p><strong>Email<\/strong>: rachid.raha@gmail.com<\/p>\n<p><strong>T\u00e9l<\/strong>: (+212) 0668292153<\/td>\n<\/tr>\n<tr>\n<td>\u00a0<img data-recalc-dims=\"1\" loading=\"lazy\" decoding=\"async\" class=\"alignnone wp-image-1375\" src=\"https:\/\/i0.wp.com\/amadalamazigh.press.ma\/fr\/wp-content\/uploads\/2017\/12\/rachida.png?resize=180%2C180&#038;ssl=1\" alt=\"\" width=\"180\" height=\"180\" srcset=\"https:\/\/i0.wp.com\/amadalamazigh.press.ma\/fr\/wp-content\/uploads\/2017\/12\/rachida.png?resize=250%2C250&amp;ssl=1 250w, https:\/\/i0.wp.com\/amadalamazigh.press.ma\/fr\/wp-content\/uploads\/2017\/12\/rachida.png?w=680&amp;ssl=1 680w\" sizes=\"auto, (max-width: 180px) 100vw, 180px\" \/><\/td>\n<td>Rachida IMERZIGUE<\/p>\n<p>Secr\u00e9taire de R\u00e9daction<\/p>\n<p><strong>Email<\/strong>: silina.rachida@gmail.com<\/p>\n<p><strong>T\u00e9l<\/strong>: (+212) 0537727283<\/td>\n<\/tr>\n<tr>\n<td>\u00a0<img data-recalc-dims=\"1\" loading=\"lazy\" decoding=\"async\" class=\"alignnone wp-image-1371\" src=\"https:\/\/i0.wp.com\/amadalamazigh.press.ma\/fr\/wp-content\/uploads\/2017\/12\/itri.png?resize=180%2C180&#038;ssl=1\" alt=\"\" width=\"180\" height=\"180\" srcset=\"https:\/\/i0.wp.com\/amadalamazigh.press.ma\/fr\/wp-content\/uploads\/2017\/12\/itri.png?resize=250%2C250&amp;ssl=1 250w, https:\/\/i0.wp.com\/amadalamazigh.press.ma\/fr\/wp-content\/uploads\/2017\/12\/itri.png?w=680&amp;ssl=1 680w\" sizes=\"auto, (max-width: 180px) 100vw, 180px\" \/><\/td>\n<td>Montacer AHOULI<\/p>\n<p>Journaliste<\/p>\n<p><strong>Email<\/strong>: montassir.itri@gmail.com<\/p>\n<p><strong>T\u00e9l<\/strong>: (+212) 0666964996<\/td>\n<\/tr>\n<tr>\n<td>\u00a0<img data-recalc-dims=\"1\" loading=\"lazy\" decoding=\"async\" class=\"alignnone wp-image-1373\" src=\"https:\/\/i0.wp.com\/amadalamazigh.press.ma\/fr\/wp-content\/uploads\/2017\/12\/khayrdine.png?resize=180%2C180&#038;ssl=1\" alt=\"\" width=\"180\" height=\"180\" srcset=\"https:\/\/i0.wp.com\/amadalamazigh.press.ma\/fr\/wp-content\/uploads\/2017\/12\/khayrdine.png?resize=250%2C250&amp;ssl=1 250w, https:\/\/i0.wp.com\/amadalamazigh.press.ma\/fr\/wp-content\/uploads\/2017\/12\/khayrdine.png?w=680&amp;ssl=1 680w\" sizes=\"auto, (max-width: 180px) 100vw, 180px\" \/><\/td>\n<td>Khayrdine EL JAMAI<\/p>\n<p>Journaliste &amp; Informaticien<\/p>\n<p><strong>Email<\/strong>: ekhayrdine@gmail.com<\/p>\n<p><strong>T\u00e9l<\/strong>: (+212) 0666964999<\/td>\n<\/tr>\n<tr>\n<td><img data-recalc-dims=\"1\" loading=\"lazy\" decoding=\"async\" class=\"alignnone wp-image-3468\" src=\"https:\/\/i0.wp.com\/amadalamazigh.press.ma\/fr\/wp-content\/uploads\/2021\/03\/nadiaa.png?resize=180%2C180&#038;ssl=1\" alt=\"\" width=\"180\" height=\"180\" srcset=\"https:\/\/i0.wp.com\/amadalamazigh.press.ma\/fr\/wp-content\/uploads\/2021\/03\/nadiaa.png?resize=250%2C250&amp;ssl=1 250w, https:\/\/i0.wp.com\/amadalamazigh.press.ma\/fr\/wp-content\/uploads\/2021\/03\/nadiaa.png?w=680&amp;ssl=1 680w\" sizes=\"auto, (max-width: 180px) 100vw, 180px\" \/><\/td>\n<td>Nadia BOUDRA<\/p>\n<p>Journaliste<\/p>\n<p><strong>Email<\/strong>: nadia.boudra@hotmail.fr<\/p>\n<p><strong>T\u00e9l<\/strong>: (+212) 0537727283<\/td>\n<\/tr>\n<\/tbody>\n<\/table>\n","protected":false},"excerpt":{"rendered":"<p>&nbsp; \u00a0 Amina IBNOU-CHEIKH Directrice et R\u00e9dactrice en chef Email: ibnoucheikhamina@gmail.com T\u00e9l: (+212) 0661767073 Rachid RAHA Editeur &amp; Journaliste Email: rachid.raha@gmail.com T\u00e9l: (+212) 0668292153 \u00a0 Rachida IMERZIGUE Secr\u00e9taire de R\u00e9daction Email: silina.rachida@gmail.com T\u00e9l: (+212) 0537727283 \u00a0 Montacer AHOULI Journaliste Email: montassir.itri@gmail.com T\u00e9l: (+212) 0666964996 \u00a0 Khayrdine EL JAMAI Journaliste &amp; Informaticien Email: ekhayrdine@gmail.com T\u00e9l: (+212) &hellip;<\/p>\n","protected":false},"author":2,"featured_media":0,"parent":0,"menu_order":0,"comment_status":"open","ping_status":"open","template":"","meta":{"jetpack_post_was_ever_published":false,"footnotes":""},"class_list":["post-38","page","type-page","status-publish",""],"jetpack_shortlink":"https:\/\/wp.me\/P9uxE2-C","jetpack_sharing_enabled":true,"_links":{"self":[{"href":"https:\/\/amadalamazigh.press.ma\/fr\/wp-json\/wp\/v2\/pages\/38","targetHints":{"allow":["GET"]}}],"collection":[{"href":"https:\/\/amadalamazigh.press.ma\/fr\/wp-json\/wp\/v2\/pages"}],"about":[{"href":"https:\/\/amadalamazigh.press.ma\/fr\/wp-json\/wp\/v2\/types\/page"}],"author":[{"embeddable":true,"href":"https:\/\/amadalamazigh.press.ma\/fr\/wp-json\/wp\/v2\/users\/2"}],"replies":[{"embeddable":true,"href":"https:\/\/amadalamazigh.press.ma\/fr\/wp-json\/wp\/v2\/comments?post=38"}],"version-history":[{"count":24,"href":"https:\/\/amadalamazigh.press.ma\/fr\/wp-json\/wp\/v2\/pages\/38\/revisions"}],"predecessor-version":[{"id":6565,"href":"https:\/\/amadalamazigh.press.ma\/fr\/wp-json\/wp\/v2\/pages\/38\/revisions\/6565"}],"wp:attachment":[{"href":"https:\/\/amadalamazigh.press.ma\/fr\/wp-json\/wp\/v2\/media?parent=38"}],"curies":[{"name":"wp","href":"https:\/\/api.w.org\/{rel}","templated":true}]}}